{"id":1132,"date":"2026-02-09T20:43:14","date_gmt":"2026-02-09T20:43:14","guid":{"rendered":"http:\/\/www.pyreneisme.ovh\/?page_id=1132"},"modified":"2026-03-28T16:29:11","modified_gmt":"2026-03-28T16:29:11","slug":"proeminence-top-50","status":"publish","type":"page","link":"http:\/\/www.pyreneisme.ovh\/index.php\/proeminence-top-50\/","title":{"rendered":"Pro\u00e9minence &#8211; Top 50"},"content":{"rendered":"\n<div style=\"height:45px\" aria-hidden=\"true\" class=\"wp-block-spacer\"><\/div>\n\n\n\n<details class=\"wp-block-details is-layout-flow wp-block-details-is-layout-flow\" open><summary><strong>Sommaire<\/strong><br><\/summary>\n<p><a href=\"#listeprom\" data-type=\"internal\" data-id=\"#listeprom\">Liste des sommets<\/a><br><a href=\"#conceptprom\" data-type=\"internal\" data-id=\"#conceptprom\">Concept de pro\u00e9minence<\/a><br><a href=\"#carteprom\" data-type=\"internal\" data-id=\"#carteprom\">Carte<\/a><\/p>\n\n\n\n<div style=\"height:45px\" aria-hidden=\"true\" class=\"wp-block-spacer\"><\/div>\n<\/details>\n\n\n\n<h2 class=\"wp-block-heading\" id=\"listeprom\">Liste des sommets<\/h2>\n\n\n\n<figure class=\"wp-block-table table-moderne\"><table><thead><tr><th>#<\/th><th><strong>Sommet<\/strong><\/th><th><strong>Prom.<\/strong><\/th><th><strong>Alt.<\/strong><\/th><th><strong>Premi\u00e8re ascension<\/strong><\/th><\/tr><\/thead><tbody><tr><td>1<\/td><td><a href=\"http:\/\/www.pyreneisme.ovh\/index.php\/summit\/pico-de-aneto\/\" data-type=\"summit\" data-id=\"239\">Pico de Aneto<\/a><\/td><td>2811<\/td><td>3404<\/td><td><small><strong>1842-07-18<\/strong> ; <a href=\"http:\/\/www.pyreneisme.ovh\/index.php\/climber\/albert-de-franqueville\/\" data-type=\"climber\" data-id=\"521\">Albert de Franqueville<\/a>, <a href=\"http:\/\/www.pyreneisme.ovh\/index.php\/climber\/pierre-redonnet-dit-nate\/\" data-type=\"climber\" data-id=\"755\">Pierre Redonnet (Nate)<\/a>, <a href=\"http:\/\/www.pyreneisme.ovh\/index.php\/climber\/platon-de-tchihatcheff\/\" data-type=\"climber\" data-id=\"522\">Platon Tchikhatchov<\/a>, Jean Argarot, Bernard Ursule, Pierre Sanio<\/small>.<\/td><\/tr><tr><td>2<\/td><td><a href=\"http:\/\/www.pyreneisme.ovh\/index.php\/summit\/puigmal\/\" data-type=\"summit\" data-id=\"436\">Puigmal<\/a><\/td><td>1331<\/td><td>2909<\/td><td><\/td><\/tr><tr><td>3<\/td><td><a href=\"http:\/\/www.pyreneisme.ovh\/index.php\/summit\/pique-destats\/\" data-type=\"summit\" data-id=\"490\">Pica d&#8217;Estats<\/a><\/td><td>1274<\/td><td>3143<\/td><td><\/td><\/tr><tr><td>4<\/td><td><a href=\"http:\/\/www.pyreneisme.ovh\/index.php\/summit\/cotiella\/\" data-type=\"summit\" data-id=\"676\">Cotiella<\/a><\/td><td>1193<\/td><td>2913<\/td><td><\/td><\/tr><tr><td>5<\/td><td><a href=\"http:\/\/www.pyreneisme.ovh\/index.php\/summit\/posets\/\" data-type=\"summit\" data-id=\"409\">Posets<\/a><\/td><td>1131<\/td><td>3369<\/td><td><small><strong>1856-08-06<\/strong> ; <a href=\"http:\/\/www.pyreneisme.ovh\/index.php\/climber\/pierre-barrau\/\" data-type=\"climber\" data-id=\"630\">Pierre Barrau<\/a>, <a href=\"http:\/\/www.pyreneisme.ovh\/index.php\/climber\/henry-halkett\/\" data-type=\"climber\" data-id=\"627\">Henry Halkett<\/a>, <a href=\"http:\/\/www.pyreneisme.ovh\/index.php\/climber\/pierre-redonnet-dit-nate\/\" data-type=\"climber\" data-id=\"755\">Pierre Redonnet (Nate)<\/a><\/small><\/td><\/tr><tr><td>6<\/td><td><a href=\"http:\/\/www.pyreneisme.ovh\/index.php\/summit\/pic-du-midi-dossau\/\" data-type=\"summit\" data-id=\"527\">Pic du Midi d&#8217;Ossau<\/a><\/td><td>1091<\/td><td>2884<\/td><td><small><strong>1787-03-19<\/strong> ; anonyme (<em>possible<\/em>)<br><strong>1796-10-03<\/strong><\/small><small> ; <a href=\"http:\/\/www.pyreneisme.ovh\/index.php\/climber\/guillaume-delfau\/\" data-type=\"climber\" data-id=\"552\">Guillaume Delfau<\/a><\/small><\/td><\/tr><tr><td>7<\/td><td><a href=\"http:\/\/www.pyreneisme.ovh\/index.php\/summit\/bisaurin\/\" data-type=\"summit\" data-id=\"528\">Bisaurin<\/a><\/td><td>1039<\/td><td>2670<\/td><td><\/td><\/tr><tr><td>8<\/td><td><a href=\"http:\/\/www.pyreneisme.ovh\/index.php\/summit\/vignemale-pique-longue\/\" data-type=\"summit\" data-id=\"376\">Vignemale<\/a> (Pique Longue)<\/td><td>1026<\/td><td>3298<\/td><td><small><strong>1792-08-02<\/strong> ; anonyme (<em>possible<\/em>)<br><strong>1837-10-08<\/strong> ; Henri Cazaux, Bernard Guillembet<\/small><\/td><\/tr><tr><td>9<\/td><td><a href=\"http:\/\/www.pyreneisme.ovh\/index.php\/summit\/el-turbon\/\" data-type=\"summit\" data-id=\"379\">El Turb\u00f3n<\/a><\/td><td>1020<\/td><td>2492<\/td><td><\/td><\/tr><tr><td>10<\/td><td><a href=\"http:\/\/www.pyreneisme.ovh\/index.php\/summit\/pic-de-soularac\/\" data-type=\"summit\" data-id=\"530\">Pic de Soularac<\/a><\/td><td>1006<\/td><td>2370<\/td><td><\/td><\/tr><tr><td>11<\/td><td><a href=\"http:\/\/www.pyreneisme.ovh\/index.php\/summit\/cap-de-gallina-pelada\/\" data-type=\"summit\" data-id=\"531\">Cap de Gallina Pelada<\/a><\/td><td>1006<\/td><td>2321<\/td><td><\/td><\/tr><tr><td>12<\/td><td><a href=\"http:\/\/www.pyreneisme.ovh\/index.php\/summit\/pic-carlit\/\" data-type=\"summit\" data-id=\"373\">Pic Carlit<\/a><\/td><td>1001<\/td><td>2921<\/td><td><small><strong>1864-06-??<\/strong> ; <small><a href=\"http:\/\/www.pyreneisme.ovh\/index.php\/climber\/henry-russell\/\" data-type=\"climber\" data-id=\"253\">Henry Russell<\/a><\/small><\/small><\/td><\/tr><tr><td>13<\/td><td><a href=\"http:\/\/www.pyreneisme.ovh\/index.php\/summit\/puig-neulos\/\" data-type=\"summit\" data-id=\"1168\">Puig Neul\u00f3s<\/a><\/td><td>973<\/td><td>1257<\/td><td><\/td><\/tr><tr><td>14<\/td><td><a href=\"http:\/\/www.pyreneisme.ovh\/index.php\/summit\/monte-perdido\/\" data-type=\"summit\" data-id=\"295\">Monte Perdido<\/a><\/td><td>966<\/td><td>3348<\/td><td><small><strong>1802-08-06<\/strong> ; <small>Gr\u00e9goire Taulat (Rondo), Laurens, un berger d&#8217;Aragon.<\/small><\/small><\/td><\/tr><tr><td>15<\/td><td><a href=\"http:\/\/www.pyreneisme.ovh\/index.php\/summit\/punton-de-guara\/\" data-type=\"summit\" data-id=\"1169\">Punt\u00f3n de Guara<\/a><\/td><td>963<\/td><td>2073<\/td><td><\/td><\/tr><tr><td>16<\/td><td><a href=\"http:\/\/www.pyreneisme.ovh\/index.php\/summit\/pic-de-bacanere\/\" data-type=\"summit\" data-id=\"877\">Pic de Bacan\u00e8re<\/a><\/td><td>904<\/td><td>2193<\/td><td><\/td><\/tr><tr><td>17<\/td><td><a href=\"http:\/\/www.pyreneisme.ovh\/index.php\/summit\/pena-de-oroel\/\" data-type=\"summit\" data-id=\"1171\">Pe\u00f1a de Oroel<\/a><\/td><td>903<\/td><td>1771<\/td><td><\/td><\/tr><tr><td>18<\/td><td><a href=\"http:\/\/www.pyreneisme.ovh\/index.php\/summit\/el-vulturo\/\" data-type=\"summit\" data-id=\"596\">El Vultur\u00f3<\/a><\/td><td>872<\/td><td>2649<\/td><td><\/td><\/tr><tr><td>19<\/td><td><a href=\"http:\/\/www.pyreneisme.ovh\/index.php\/summit\/balaitous\/\" data-type=\"summit\" data-id=\"413\">Bala\u00eftous<\/a><\/td><td>850<\/td><td>3145<\/td><td><small><strong>1825-08-03 <\/strong>; <small><a href=\"http:\/\/www.pyreneisme.ovh\/index.php\/climber\/paul-michel-hossard\/\" data-type=\"climber\" data-id=\"1009\">Paul Michel Hossard<\/a>, <a href=\"http:\/\/www.pyreneisme.ovh\/index.php\/climber\/pierre-peytier\/\" data-type=\"climber\" data-id=\"1008\">Pierre Peytier<\/a><\/small><\/small><\/td><\/tr><tr><td>20<\/td><td><a href=\"http:\/\/www.pyreneisme.ovh\/index.php\/summit\/pic-danie\/\" data-type=\"summit\" data-id=\"598\">Pic d&#8217;Anie<\/a><\/td><td>840<\/td><td>2503<\/td><td><\/td><\/tr><tr><td>21<\/td><td><a href=\"http:\/\/www.pyreneisme.ovh\/index.php\/summit\/pena-montanesa\/\" data-type=\"summit\" data-id=\"600\">Pe\u00f1a Monta\u00f1esa<\/a><\/td><td>816<\/td><td>2287<\/td><td><\/td><\/tr><tr><td>22<\/td><td><a href=\"http:\/\/www.pyreneisme.ovh\/index.php\/summit\/irumugarrieta\/\" data-type=\"summit\" data-id=\"1172\">Irumugarrieta<\/a><\/td><td>808<\/td><td>1430<\/td><td><\/td><\/tr><tr><td>23<\/td><td><a href=\"http:\/\/www.pyreneisme.ovh\/index.php\/summit\/collarada\/\" data-type=\"summit\" data-id=\"452\">Collarada<\/a><\/td><td>800<\/td><td>2883<\/td><td><small><strong>1876-07-16<\/strong> ; <a href=\"http:\/\/www.pyreneisme.ovh\/index.php\/climber\/henry-russell\/\" data-type=\"climber\" data-id=\"253\">Henry Russell<\/a>, Jean Labarthe, Ponsolle<\/small><\/td><\/tr><tr><td>24<\/td><td><a href=\"http:\/\/www.pyreneisme.ovh\/index.php\/summit\/pic-de-mauberme\/\" data-type=\"summit\" data-id=\"639\">Pic de Mauberm\u00e9<\/a><\/td><td>796<\/td><td>2882<\/td><td><\/td><\/tr><tr><td>25<\/td><td><a href=\"http:\/\/www.pyreneisme.ovh\/index.php\/summit\/pena-de-izaga\/\" data-type=\"summit\" data-id=\"1175\">Pe\u00f1a de Izaga<\/a><\/td><td>792<\/td><td>1362<\/td><td><\/td><\/tr><tr><td>26<\/td><td><a href=\"http:\/\/www.pyreneisme.ovh\/index.php\/summit\/pic-du-midi-de-bigorre\/\" data-type=\"summit\" data-id=\"540\">Pic du Midi de Bigorre<\/a><\/td><td>770<\/td><td>2871<\/td><td><\/td><\/tr><tr><td>27<\/td><td><a href=\"http:\/\/www.pyreneisme.ovh\/index.php\/summit\/pic-de-madres\/\" data-type=\"summit\" data-id=\"478\">Pic de Madr\u00e8s<\/a><\/td><td>760<\/td><td>2469<\/td><td><\/td><\/tr><tr><td>28<\/td><td><a href=\"http:\/\/www.pyreneisme.ovh\/index.php\/summit\/pedro-dels-quatre-batlles\/\" data-type=\"summit\" data-id=\"986\">Pedr\u00f3 dels Quatre Batlles<\/a><\/td><td>757<\/td><td>2387<\/td><td><\/td><\/tr><tr><td>29<\/td><td><a href=\"http:\/\/www.pyreneisme.ovh\/index.php\/summit\/tosa-dalp\/\" data-type=\"summit\" data-id=\"922\">Tossa d&#8217;Alp<\/a><\/td><td>755<\/td><td>2536<\/td><td><\/td><\/tr><tr><td>30<\/td><td><a href=\"http:\/\/www.pyreneisme.ovh\/index.php\/summit\/pena-de-ezkaurre\/\" data-type=\"summit\" data-id=\"1300\">Pe\u00f1a de Ezkaurre<\/a><\/td><td>748<\/td><td>2045<\/td><td><\/td><\/tr><tr><td>31<\/td><td><a href=\"http:\/\/www.pyreneisme.ovh\/index.php\/summit\/pic-de-comaloforno\/\" data-type=\"summit\" data-id=\"914\">Pic de Comaloforno<\/a><\/td><td>745<\/td><td>3029<\/td><td><small><strong>1882-07-25<\/strong> ; <a href=\"http:\/\/www.pyreneisme.ovh\/index.php\/climber\/jean-bazillac\/\" data-type=\"climber\" data-id=\"911\">Jean Bazillac<\/a>, <a href=\"http:\/\/www.pyreneisme.ovh\/index.php\/climber\/henri-brulle\/\" data-type=\"climber\" data-id=\"913\">Henri Brulle<\/a>, <a href=\"http:\/\/www.pyreneisme.ovh\/index.php\/climber\/celestin-passet\/\" data-type=\"climber\" data-id=\"442\">C\u00e9lestin Passet<\/a><\/small><\/td><\/tr><tr><td>32<\/td><td><a href=\"http:\/\/www.pyreneisme.ovh\/index.php\/summit\/sant-alis\/\" data-type=\"summit\" data-id=\"1301\">Sant Al\u00eds<\/a><\/td><td>732<\/td><td>1675<\/td><td><\/td><\/tr><tr><td>33<\/td><td><a href=\"http:\/\/www.pyreneisme.ovh\/index.php\/summit\/punta-llerga\/\" data-type=\"summit\" data-id=\"1303\">Punta Llerga<\/a><\/td><td>731<\/td><td>2266<\/td><td><\/td><\/tr><tr><td>34<\/td><td><a href=\"http:\/\/www.pyreneisme.ovh\/index.php\/summit\/pic-long\/\" data-type=\"summit\" data-id=\"564\">Pic Long<\/a><\/td><td>727<\/td><td>3192<\/td><td><small><strong>1846-??-??<\/strong> ; <small><a href=\"http:\/\/www.pyreneisme.ovh\/index.php\/climber\/louis-dorleans-duc-de-nemours\/\">Louis d\u2019Orl\u00e9ans (duc de Nemours)<\/a>, Marc Sesquet<\/small><\/small><\/td><\/tr><tr><td>35<\/td><td><a href=\"http:\/\/www.pyreneisme.ovh\/index.php\/summit\/torreta-de-lorri\/\" data-type=\"summit\" data-id=\"655\">Torreta de l&#8217;Orri<\/a><\/td><td>718<\/td><td>2438<\/td><td><\/td><\/tr><tr><td>36<\/td><td><a href=\"http:\/\/www.pyreneisme.ovh\/index.php\/summit\/pech-de-bugarach\/\" data-type=\"summit\" data-id=\"1047\">Pech de Bugarach<\/a><\/td><td>718<\/td><td>1230<\/td><td><\/td><\/tr><tr><td>37<\/td><td><a href=\"http:\/\/www.pyreneisme.ovh\/index.php\/summit\/pic-de-moredo\/\" data-type=\"summit\" data-id=\"1323\">Pic de Moredo<\/a><\/td><td>694<\/td><td>2766<\/td><td><\/td><\/tr><tr><td>38<\/td><td><a href=\"http:\/\/www.pyreneisme.ovh\/index.php\/summit\/pic-des-trois-seigneurs\/\" data-type=\"summit\" data-id=\"482\">Pic des Trois Seigneurs<\/a><\/td><td>684<\/td><td>2199<\/td><td><\/td><\/tr><tr><td>39<\/td><td><a href=\"http:\/\/www.pyreneisme.ovh\/index.php\/summit\/serrat-negre\/\" data-type=\"summit\" data-id=\"1328\">Serrat Negre<\/a><\/td><td>684<\/td><td>1779<\/td><td><\/td><\/tr><tr><td>40<\/td><td><a href=\"http:\/\/www.pyreneisme.ovh\/index.php\/summit\/mont-baigura\/\" data-type=\"summit\" data-id=\"1010\">Mont Ba\u00efgura<\/a><\/td><td>680<\/td><td>897<\/td><td><\/td><\/tr><tr><td>41<\/td><td><a href=\"http:\/\/www.pyreneisme.ovh\/index.php\/summit\/larrun\/\" data-type=\"summit\" data-id=\"559\">La Rhune<\/a><\/td><td>678<\/td><td>900<\/td><td>(pr\u00e9histoire)<\/td><\/tr><tr><td>42<\/td><td><a href=\"http:\/\/www.pyreneisme.ovh\/index.php\/summit\/santo-domingo\/\" data-type=\"summit\" data-id=\"1330\">Santo Domingo<\/a><\/td><td>665<\/td><td>1523<\/td><td><\/td><\/tr><tr><td>43<\/td><td><a href=\"http:\/\/www.pyreneisme.ovh\/index.php\/summit\/pedraforca\/\" data-type=\"summit\" data-id=\"1332\">Pedraforca<\/a><\/td><td>662<\/td><td>2506<\/td><td><\/td><\/tr><tr><td>44<\/td><td><a href=\"http:\/\/www.pyreneisme.ovh\/index.php\/summit\/punta-suelza\/\" data-type=\"summit\" data-id=\"421\">Punta Suelza<\/a><\/td><td>657<\/td><td>2971<\/td><td><\/td><\/tr><tr><td>45<\/td><td><a href=\"http:\/\/www.pyreneisme.ovh\/index.php\/summit\/tossal-de-les-torretes\/\" data-type=\"summit\" data-id=\"1334\">Tossal de les Torretes<\/a><\/td><td>658<\/td><td>1677<\/td><td><\/td><\/tr><tr><td>46<\/td><td><a href=\"http:\/\/www.pyreneisme.ovh\/index.php\/summit\/santa-magdalena-de-cambrils\/\" data-type=\"summit\" data-id=\"1337\">Santa Magdalena de Cambrils<\/a><\/td><td>656<\/td><td>1547<\/td><td><\/td><\/tr><tr><td>47<\/td><td><a href=\"http:\/\/www.pyreneisme.ovh\/index.php\/summit\/cap-de-boumort\/\" data-type=\"summit\" data-id=\"897\">Cap de Boumort<\/a><\/td><td>654<\/td><td>2977<\/td><td><\/td><\/tr><tr><td>48<\/td><td><a href=\"http:\/\/www.pyreneisme.ovh\/index.php\/summit\/perdiguero\/\" data-type=\"summit\" data-id=\"411\">Pic Perdigu\u00e8re<\/a><\/td><td>653<\/td><td>3220<\/td><td><\/td><\/tr><tr><td>49<\/td><td><a href=\"http:\/\/www.pyreneisme.ovh\/index.php\/summit\/puig-pedros\/\" data-type=\"summit\" data-id=\"479\">Puig Pedr\u00f3s<\/a><\/td><td>652<\/td><td>2914<\/td><td><\/td><\/tr><tr><td>50<\/td><td><a href=\"http:\/\/www.pyreneisme.ovh\/index.php\/summit\/mont-rouch-2\/\" data-type=\"summit\" data-id=\"1338\">Mont Rouch<\/a><\/td><td>648<\/td><td>2864<\/td><td><\/td><\/tr><\/tbody><\/table><\/figure>\n\n\n\n<div style=\"height:45px\" aria-hidden=\"true\" class=\"wp-block-spacer\"><\/div>\n\n\n\n<h2 class=\"wp-block-heading\" id=\"conceptprom\">Le concept de &#8220;pro\u00e9minence&#8221;<\/h2>\n\n\n\n<p>Par d\u00e9finition, et de mani\u00e8re quelque peu abstraite, la pro\u00e9minence d&#8217;un sommet est la diff\u00e9rence entre son altitude et celle du col le plus bas permettant de rejoindre un sommet plus \u00e9lev\u00e9 (cf sch\u00e9ma).<br>De fa\u00e7on plus imag\u00e9e, on peut se repr\u00e9senter la pro\u00e9minence d&#8217;un sommet \u00e9tant la hauteur de la partie \u00e9merg\u00e9e du sommet si l&#8217;on ajustait la hauteur des oc\u00e9ans de sorte que le sommet soit le point culminant d&#8217;une \u00eele. Le col cl\u00e9 serait d&#8217;ailleurs situ\u00e9 sur les berges de cette \u00eele.<\/p>\n\n\n\n<p>Historiquement, le concept de pro\u00e9minence est issu de la pratique du peak bagging, ce qui explique que comme cette discipline, la popularit\u00e9 du concept soit plus grande dans les pays anglo-saxons. Dans le cadre du peak bagging, l&#8217;int\u00e9r\u00eat est de permettre de diff\u00e9rencier les sommets principaux et les sommets secondaires.<\/p>\n\n\n\n<p>Mais pour le randonneur, le concept de pro\u00e9minence a surtout comme int\u00e9r\u00eat de permettre une identification rapide des sommets importants localement, c&#8217;est-\u00e0-dire des sommets qui dominent leur entourage, offrant ainsi une vue d\u00e9gag\u00e9e, mais \u00e9galement vus de tr\u00e8s loin, et donc &#8220;iconiques&#8221; d&#8217;une partie donn\u00e9e de la cha\u00eene pyr\u00e9n\u00e9enne.<\/p>\n\n\n\n<p>Une telle liste donne toutefois plus d&#8217;importance \u00e0 des sommets faciles, points culminants des massifs des pi\u00e9monts, qui sont d&#8217;un int\u00e9r\u00eat &#8220;alpinistique&#8221; moindr. <br>De plus, la plupart des sommets de la liste se trouvent sur le versant espagnol des Pyr\u00e9n\u00e9es, pour des raisons g\u00e9omorphologiques (asym\u00e9trie de la cha\u00eene pyr\u00e9n\u00e9enne).<\/p>\n\n\n\n<div style=\"height:45px\" aria-hidden=\"true\" class=\"wp-block-spacer\"><\/div>\n\n\n\n<h2 class=\"wp-block-heading\" id=\"carteprom\">Carte<\/h2>\n\n\n\n<p><\/p>\n","protected":false},"excerpt":{"rendered":"<p>Liste des sommets # Sommet Prom. Alt. Premi\u00e8re ascension 1 Pico de Aneto 2811 3404 1842-07-18 ; Albert de Franqueville, Pierre Redonnet (Nate), Platon Tchikhatchov, Jean Argarot, Bernard Ursule, Pierre Sanio. 2 Puigmal 1331 2909 3 Pica d&#8217;Estats 1274 3143 4 Cotiella 1193 2913 5 Posets 1131 3369 1856-08-06 ; Pierre Barrau, Henry Halkett, Pierre [&hellip;]<\/p>\n","protected":false},"author":1,"featured_media":0,"parent":0,"menu_order":0,"comment_status":"closed","ping_status":"closed","template":"","meta":{"footnotes":""},"class_list":["post-1132","page","type-page","status-publish","hentry"],"_links":{"self":[{"href":"http:\/\/www.pyreneisme.ovh\/index.php\/wp-json\/wp\/v2\/pages\/1132","targetHints":{"allow":["GET"]}}],"collection":[{"href":"http:\/\/www.pyreneisme.ovh\/index.php\/wp-json\/wp\/v2\/pages"}],"about":[{"href":"http:\/\/www.pyreneisme.ovh\/index.php\/wp-json\/wp\/v2\/types\/page"}],"author":[{"embeddable":true,"href":"http:\/\/www.pyreneisme.ovh\/index.php\/wp-json\/wp\/v2\/users\/1"}],"replies":[{"embeddable":true,"href":"http:\/\/www.pyreneisme.ovh\/index.php\/wp-json\/wp\/v2\/comments?post=1132"}],"version-history":[{"count":50,"href":"http:\/\/www.pyreneisme.ovh\/index.php\/wp-json\/wp\/v2\/pages\/1132\/revisions"}],"predecessor-version":[{"id":1808,"href":"http:\/\/www.pyreneisme.ovh\/index.php\/wp-json\/wp\/v2\/pages\/1132\/revisions\/1808"}],"wp:attachment":[{"href":"http:\/\/www.pyreneisme.ovh\/index.php\/wp-json\/wp\/v2\/media?parent=1132"}],"curies":[{"name":"wp","href":"https:\/\/api.w.org\/{rel}","templated":true}]}}