{"id":1667,"date":"2026-03-15T17:59:32","date_gmt":"2026-03-15T17:59:32","guid":{"rendered":"http:\/\/www.pyreneisme.ovh\/?page_id=1667"},"modified":"2026-03-15T17:59:32","modified_gmt":"2026-03-15T17:59:32","slug":"glossaire","status":"publish","type":"page","link":"http:\/\/www.pyreneisme.ovh\/index.php\/glossaire\/","title":{"rendered":"Glossaire"},"content":{"rendered":"\n<p>Les<strong>&nbsp;premi\u00e8res ascensions<\/strong>&nbsp;mentionn\u00e9es ici ne sont que les premi\u00e8res document\u00e9es. Il est \u00e9vident que les sommets facilement accessibles ont \u00e9t\u00e9 arpent\u00e9s de longue date par les locaux, et en particulier les bergers et chasseurs d&#8217;isards. Contrairement aux Alpes, il n&#8217;y a pas d&#8217;activit\u00e9 de cristallier bien \u00e9tablie dans les Pyr\u00e9n\u00e9es.<\/p>\n\n\n\n<p>Il est \u00e9galement int\u00e9ressant de distinguer les ascensions utilitaires, \u00e0 vis\u00e9e scientifique, notamment du fait des g\u00e9od\u00e9siens\/topographes, des premi\u00e8res ascensions touristiques (pour le plaisir, pour le sport), bien que la fronti\u00e8re ait pu \u00eatre floue notamment aux d\u00e9buts de l\u2019exploration des Pyr\u00e9n\u00e9es.&nbsp;<\/p>\n\n\n\n<p>Comme ce qui a \u00e9t\u00e9 observ\u00e9 dans toutes les grandes cha\u00eenes de montagne, d\u00e8s lors que les Pyr\u00e9n\u00e9es commenc\u00e8rent \u00e0 \u00eatre largement d\u00e9frich\u00e9es, l&#8217;attention s&#8217;est port\u00e9 sur d&#8217;autres types de premi\u00e8res : les premi\u00e8res hivernales, les premi\u00e8res par une voie donn\u00e9e.<\/p>\n\n\n\n<p>____<\/p>\n\n\n\n<p>La&nbsp;<strong>pro\u00e9minence<\/strong>&nbsp;est une mesure topographique d\u00e9finie de mani\u00e8re abstraite comme&nbsp;la diff\u00e9rence d&#8217;altitude entre un sommet donn\u00e9 et le col &#8220;cl\u00e9&#8221; le plus \u00e9lev\u00e9 permettant d&#8217;atteindre une cime encore plus haute. De mani\u00e8re plus imag\u00e9e, on peut la concevoir comme l&#8217;altitude qu&#8217;aurait le sommet en tant que point culminant d&#8217;une \u00eele si le niveau de la mer \u00e9tait au niveau du col cl\u00e9. C&#8217;est une mesure de l&#8217;importance r\u00e9gionale d&#8217;un sommet, de sa dominance par rapport aux cimes qui l&#8217;entourent.<\/p>\n\n\n\n<p>____<\/p>\n\n\n\n<p>Une&nbsp;<strong>station de triangulation<\/strong>&nbsp;est un rep\u00e8re fixe plac\u00e9 en un point donn\u00e9, fr\u00e9quemment sur les cr\u00eates et les sommets, permettant d&#8217;effectuer les mesures g\u00e9od\u00e9siques indispensable \u00e0 l&#8217;\u00e9tablissement des cartes g\u00e9ographiques. La construction de ces stations par les ing\u00e9nieurs topographes a constitu\u00e9 la premi\u00e8re \u00e9tape de terrain des grandes campagnes cartographiques fran\u00e7aises et espagnoles de la fin du XVIII\u00e8me et du d\u00e9but du XIX\u00e8me si\u00e8cle.<\/p>\n","protected":false},"excerpt":{"rendered":"<p>Les&nbsp;premi\u00e8res ascensions&nbsp;mentionn\u00e9es ici ne sont que les premi\u00e8res document\u00e9es. Il est \u00e9vident que les sommets facilement accessibles ont \u00e9t\u00e9 arpent\u00e9s de longue date par les locaux, et en particulier les bergers et chasseurs d&#8217;isards. Contrairement aux Alpes, il n&#8217;y a pas d&#8217;activit\u00e9 de cristallier bien \u00e9tablie dans les Pyr\u00e9n\u00e9es. Il est \u00e9galement int\u00e9ressant de distinguer [&hellip;]<\/p>\n","protected":false},"author":1,"featured_media":0,"parent":0,"menu_order":0,"comment_status":"closed","ping_status":"closed","template":"","meta":{"footnotes":""},"class_list":["post-1667","page","type-page","status-publish","hentry"],"_links":{"self":[{"href":"http:\/\/www.pyreneisme.ovh\/index.php\/wp-json\/wp\/v2\/pages\/1667","targetHints":{"allow":["GET"]}}],"collection":[{"href":"http:\/\/www.pyreneisme.ovh\/index.php\/wp-json\/wp\/v2\/pages"}],"about":[{"href":"http:\/\/www.pyreneisme.ovh\/index.php\/wp-json\/wp\/v2\/types\/page"}],"author":[{"embeddable":true,"href":"http:\/\/www.pyreneisme.ovh\/index.php\/wp-json\/wp\/v2\/users\/1"}],"replies":[{"embeddable":true,"href":"http:\/\/www.pyreneisme.ovh\/index.php\/wp-json\/wp\/v2\/comments?post=1667"}],"version-history":[{"count":1,"href":"http:\/\/www.pyreneisme.ovh\/index.php\/wp-json\/wp\/v2\/pages\/1667\/revisions"}],"predecessor-version":[{"id":1668,"href":"http:\/\/www.pyreneisme.ovh\/index.php\/wp-json\/wp\/v2\/pages\/1667\/revisions\/1668"}],"wp:attachment":[{"href":"http:\/\/www.pyreneisme.ovh\/index.php\/wp-json\/wp\/v2\/media?parent=1667"}],"curies":[{"name":"wp","href":"https:\/\/api.w.org\/{rel}","templated":true}]}}