{"id":659,"date":"2026-01-25T07:23:05","date_gmt":"2026-01-25T07:23:05","guid":{"rendered":"http:\/\/www.pyreneisme.ovh\/?page_id=659"},"modified":"2026-01-29T09:38:36","modified_gmt":"2026-01-29T09:38:36","slug":"la-pleiade-du-pyreneisme","status":"publish","type":"page","link":"http:\/\/www.pyreneisme.ovh\/index.php\/la-pleiade-du-pyreneisme\/","title":{"rendered":"La Pl\u00e9iade du pyr\u00e9n\u00e9isme"},"content":{"rendered":"\n<p>La Pl\u00e9iade du pyr\u00e9n\u00e9isme est un groupe de 6 grimpeurs <\/p>\n\n\n\n<div class=\"wp-block-group alignfull has-global-padding is-layout-constrained wp-container-core-group-is-layout-190373c5 wp-block-group-is-layout-constrained\" style=\"margin-top:0;margin-bottom:0;padding-top:var(--wp--preset--spacing--50);padding-bottom:var(--wp--preset--spacing--50)\">\n<div class=\"wp-block-columns alignwide is-layout-flex wp-container-core-columns-is-layout-cdebebb7 wp-block-columns-is-layout-flex\" style=\"padding-top:0;padding-bottom:0\">\n<div class=\"wp-block-column is-layout-flow wp-container-core-column-is-layout-8ad66c59 wp-block-column-is-layout-flow\" style=\"padding-top:var(--wp--preset--spacing--70)\">\n<figure class=\"wp-block-image size-full\"><img loading=\"lazy\" decoding=\"async\" width=\"907\" height=\"1329\" src=\"http:\/\/www.pyreneisme.ovh\/wp-content\/uploads\/2026\/01\/Jean_Franz_Daniel_Schrader.jpeg\" alt=\"\" class=\"wp-image-693\" srcset=\"http:\/\/www.pyreneisme.ovh\/wp-content\/uploads\/2026\/01\/Jean_Franz_Daniel_Schrader.jpeg 907w, http:\/\/www.pyreneisme.ovh\/wp-content\/uploads\/2026\/01\/Jean_Franz_Daniel_Schrader-205x300.jpeg 205w, http:\/\/www.pyreneisme.ovh\/wp-content\/uploads\/2026\/01\/Jean_Franz_Daniel_Schrader-699x1024.jpeg 699w, http:\/\/www.pyreneisme.ovh\/wp-content\/uploads\/2026\/01\/Jean_Franz_Daniel_Schrader-768x1125.jpeg 768w\" sizes=\"auto, (max-width: 907px) 100vw, 907px\" \/><\/figure>\n\n\n\n<div class=\"wp-block-group is-vertical is-layout-flex wp-container-core-group-is-layout-971a3e1f wp-block-group-is-layout-flex\" style=\"padding-top:var(--wp--preset--spacing--30)\">\n<h3 class=\"wp-block-heading\" style=\"padding-top:var(--wp--preset--spacing--20)\"><strong><a href=\"http:\/\/www.pyreneisme.ovh\/index.php\/climber\/franz-schrader\/\" data-type=\"climber\" data-id=\"301\">Franz Schrader<\/a><\/strong> <small><sup id=\"ref1\"><a href=\"#note1\">1<\/a><\/sup><\/small><\/h3>\n\n\n\n<p class=\"has-accent-4-color has-text-color has-link-color has-medium-font-size wp-elements-cc555118fae7eb019559caa2adf06c2f\">(1844-1924)<\/p>\n<\/div>\n<\/div>\n\n\n\n<div class=\"wp-block-column is-layout-flow wp-container-core-column-is-layout-8ad66c59 wp-block-column-is-layout-flow\" style=\"padding-top:var(--wp--preset--spacing--70)\">\n<figure class=\"wp-block-image size-full\"><img loading=\"lazy\" decoding=\"async\" width=\"907\" height=\"1329\" src=\"http:\/\/www.pyreneisme.ovh\/wp-content\/uploads\/2026\/01\/HenryRussel.jpg\" alt=\"\" class=\"wp-image-697\" srcset=\"http:\/\/www.pyreneisme.ovh\/wp-content\/uploads\/2026\/01\/HenryRussel.jpg 907w, http:\/\/www.pyreneisme.ovh\/wp-content\/uploads\/2026\/01\/HenryRussel-205x300.jpg 205w, http:\/\/www.pyreneisme.ovh\/wp-content\/uploads\/2026\/01\/HenryRussel-699x1024.jpg 699w, http:\/\/www.pyreneisme.ovh\/wp-content\/uploads\/2026\/01\/HenryRussel-768x1125.jpg 768w\" sizes=\"auto, (max-width: 907px) 100vw, 907px\" \/><\/figure>\n\n\n\n<div class=\"wp-block-group is-vertical is-layout-flex wp-container-core-group-is-layout-971a3e1f wp-block-group-is-layout-flex\" style=\"padding-top:var(--wp--preset--spacing--30)\">\n<h3 class=\"wp-block-heading\" style=\"padding-top:var(--wp--preset--spacing--20)\"><strong><a href=\"http:\/\/www.pyreneisme.ovh\/index.php\/climber\/henry-russell\/\" data-type=\"climber\" data-id=\"253\">Henry Russell<\/a><\/strong> <small><sup id=\"ref2\"><a href=\"#note2\">2<\/a><\/sup><\/small><\/h3>\n\n\n\n<p class=\"has-accent-4-color has-text-color has-link-color has-medium-font-size wp-elements-3b9b7dca1428885d25e3a8312a4de0fd\">(1834-1909)<\/p>\n<\/div>\n<\/div>\n\n\n\n<div class=\"wp-block-column is-layout-flow wp-container-core-column-is-layout-8ad66c59 wp-block-column-is-layout-flow\" style=\"padding-top:var(--wp--preset--spacing--70)\">\n<figure class=\"wp-block-image size-full\"><img loading=\"lazy\" decoding=\"async\" width=\"907\" height=\"1329\" src=\"http:\/\/www.pyreneisme.ovh\/wp-content\/uploads\/2026\/01\/MauriceGourdon-2.jpeg\" alt=\"\" class=\"wp-image-707\" srcset=\"http:\/\/www.pyreneisme.ovh\/wp-content\/uploads\/2026\/01\/MauriceGourdon-2.jpeg 907w, http:\/\/www.pyreneisme.ovh\/wp-content\/uploads\/2026\/01\/MauriceGourdon-2-205x300.jpeg 205w, http:\/\/www.pyreneisme.ovh\/wp-content\/uploads\/2026\/01\/MauriceGourdon-2-699x1024.jpeg 699w, http:\/\/www.pyreneisme.ovh\/wp-content\/uploads\/2026\/01\/MauriceGourdon-2-768x1125.jpeg 768w\" sizes=\"auto, (max-width: 907px) 100vw, 907px\" \/><\/figure>\n\n\n\n<div class=\"wp-block-group is-vertical is-layout-flex wp-container-core-group-is-layout-971a3e1f wp-block-group-is-layout-flex\" style=\"padding-top:var(--wp--preset--spacing--30)\">\n<h3 class=\"wp-block-heading\" style=\"padding-top:var(--wp--preset--spacing--20)\"><strong><a href=\"http:\/\/www.pyreneisme.ovh\/index.php\/climber\/maurice-gourdon\/\" data-type=\"climber\" data-id=\"297\">Maurice Gourdon<\/a><\/strong> <small><sup id=\"ref3\"><a href=\"#note3\">3<\/a><\/sup><\/small><\/h3>\n\n\n\n<p class=\"has-accent-4-color has-text-color has-link-color has-medium-font-size wp-elements-25d019c48f42032d6abb5bf5fc5d942e\">(1847-1941)<\/p>\n<\/div>\n<\/div>\n<\/div>\n<\/div>\n\n\n\n<div class=\"wp-block-group alignfull has-global-padding is-layout-constrained wp-container-core-group-is-layout-190373c5 wp-block-group-is-layout-constrained\" style=\"margin-top:0;margin-bottom:0;padding-top:var(--wp--preset--spacing--50);padding-bottom:var(--wp--preset--spacing--50)\">\n<div class=\"wp-block-columns alignwide is-layout-flex wp-container-core-columns-is-layout-cdebebb7 wp-block-columns-is-layout-flex\" style=\"padding-top:0;padding-bottom:0\">\n<div class=\"wp-block-column is-layout-flow wp-container-core-column-is-layout-8ad66c59 wp-block-column-is-layout-flow\" style=\"padding-top:var(--wp--preset--spacing--70)\">\n<figure class=\"wp-block-image size-full\"><img loading=\"lazy\" decoding=\"async\" width=\"907\" height=\"1329\" src=\"http:\/\/www.pyreneisme.ovh\/wp-content\/uploads\/2026\/01\/Wallon.jpeg\" alt=\"\" class=\"wp-image-705\" srcset=\"http:\/\/www.pyreneisme.ovh\/wp-content\/uploads\/2026\/01\/Wallon.jpeg 907w, http:\/\/www.pyreneisme.ovh\/wp-content\/uploads\/2026\/01\/Wallon-205x300.jpeg 205w, http:\/\/www.pyreneisme.ovh\/wp-content\/uploads\/2026\/01\/Wallon-699x1024.jpeg 699w, http:\/\/www.pyreneisme.ovh\/wp-content\/uploads\/2026\/01\/Wallon-768x1125.jpeg 768w\" sizes=\"auto, (max-width: 907px) 100vw, 907px\" \/><\/figure>\n\n\n\n<div class=\"wp-block-group is-vertical is-layout-flex wp-container-core-group-is-layout-971a3e1f wp-block-group-is-layout-flex\" style=\"padding-top:var(--wp--preset--spacing--30)\">\n<h3 class=\"wp-block-heading\" style=\"padding-top:var(--wp--preset--spacing--20)\"><strong><a href=\"http:\/\/www.pyreneisme.ovh\/index.php\/climber\/paul-edouard-wallon\/\" data-type=\"climber\" data-id=\"451\">Paul-\u00c9douard Wallon<\/a><\/strong> <small><sup id=\"ref4\"><a href=\"#note3\">4<\/a><\/sup><\/small><\/h3>\n\n\n\n<p class=\"has-accent-4-color has-text-color has-link-color has-medium-font-size wp-elements-4ea3f673194f278bb0a10b7625ceb570\">(1821-1895)<\/p>\n<\/div>\n<\/div>\n\n\n\n<div class=\"wp-block-column is-layout-flow wp-container-core-column-is-layout-8ad66c59 wp-block-column-is-layout-flow\" style=\"padding-top:var(--wp--preset--spacing--70)\">\n<figure class=\"wp-block-image size-full\"><img loading=\"lazy\" decoding=\"async\" width=\"907\" height=\"1329\" src=\"http:\/\/www.pyreneisme.ovh\/wp-content\/uploads\/2026\/01\/Lequeutre.jpeg\" alt=\"\" class=\"wp-image-712\" srcset=\"http:\/\/www.pyreneisme.ovh\/wp-content\/uploads\/2026\/01\/Lequeutre.jpeg 907w, http:\/\/www.pyreneisme.ovh\/wp-content\/uploads\/2026\/01\/Lequeutre-205x300.jpeg 205w, http:\/\/www.pyreneisme.ovh\/wp-content\/uploads\/2026\/01\/Lequeutre-699x1024.jpeg 699w, http:\/\/www.pyreneisme.ovh\/wp-content\/uploads\/2026\/01\/Lequeutre-768x1125.jpeg 768w\" sizes=\"auto, (max-width: 907px) 100vw, 907px\" \/><\/figure>\n\n\n\n<div class=\"wp-block-group is-vertical is-layout-flex wp-container-core-group-is-layout-971a3e1f wp-block-group-is-layout-flex\" style=\"padding-top:var(--wp--preset--spacing--30)\">\n<h3 class=\"wp-block-heading\" style=\"padding-top:var(--wp--preset--spacing--20)\"><strong><a href=\"http:\/\/www.pyreneisme.ovh\/index.php\/climber\/alphonse-lequeutre\/\" data-type=\"climber\" data-id=\"539\">Alphonse Lequeutre<\/a><\/strong> <small><sup id=\"ref5\"><a href=\"#note5\">3<\/a><\/sup><\/small><\/h3>\n\n\n\n<p class=\"has-accent-4-color has-text-color has-link-color has-medium-font-size wp-elements-9b47d3de1e8d1412ba94926746bfe83d\">(1829-1891)<\/p>\n<\/div>\n<\/div>\n\n\n\n<div class=\"wp-block-column is-layout-flow wp-container-core-column-is-layout-8ad66c59 wp-block-column-is-layout-flow\" style=\"padding-top:var(--wp--preset--spacing--70)\">\n<figure class=\"wp-block-image size-full\"><img loading=\"lazy\" decoding=\"async\" width=\"907\" height=\"1329\" src=\"http:\/\/www.pyreneisme.ovh\/wp-content\/uploads\/2026\/01\/AymarSaintSaud.jpeg\" alt=\"\" class=\"wp-image-710\" srcset=\"http:\/\/www.pyreneisme.ovh\/wp-content\/uploads\/2026\/01\/AymarSaintSaud.jpeg 907w, http:\/\/www.pyreneisme.ovh\/wp-content\/uploads\/2026\/01\/AymarSaintSaud-205x300.jpeg 205w, http:\/\/www.pyreneisme.ovh\/wp-content\/uploads\/2026\/01\/AymarSaintSaud-699x1024.jpeg 699w, http:\/\/www.pyreneisme.ovh\/wp-content\/uploads\/2026\/01\/AymarSaintSaud-768x1125.jpeg 768w\" sizes=\"auto, (max-width: 907px) 100vw, 907px\" \/><\/figure>\n\n\n\n<div class=\"wp-block-group is-vertical is-layout-flex wp-container-core-group-is-layout-971a3e1f wp-block-group-is-layout-flex\" style=\"padding-top:var(--wp--preset--spacing--30)\">\n<h3 class=\"wp-block-heading\" style=\"padding-top:var(--wp--preset--spacing--20)\"><strong><a href=\"http:\/\/www.pyreneisme.ovh\/index.php\/climber\/aymar-de-saint-saud\/\" data-type=\"climber\" data-id=\"585\">Aymar de Saint-Saud<\/a><\/strong> <small><sup id=\"ref6\"><a href=\"#note6\">6<\/a><\/sup><\/small><\/h3>\n\n\n\n<p class=\"has-accent-4-color has-text-color has-link-color has-medium-font-size wp-elements-56b4addd04c817ba0e5e9ba497be22aa\">(1853-1951)<\/p>\n<\/div>\n<\/div>\n<\/div>\n<\/div>\n\n\n\n<p>On y adjoint parfois Belloc et Prudent &#8230;<\/p>\n\n\n\n<p>\n<ol>\n<small>  \n<small><li id=\"note1\">Photographi\u00e9 en 1883 par Eug\u00e8ne Pirou (via <a href=https:\/\/commons.wikimedia.org\/wiki\/File:Jean_Franz_Daniel_Schrader.JPEG>Wikimedia<\/a>) <a href=\"#ref1\">\u21a9<\/a><\/li><\/small>\n  <small><li id=\"note2\">Henry Russell photographi\u00e9 par Maurice Gourdon (via <a href=https:\/\/commons.wikimedia.org\/wiki\/File:Henry_Russell_portrait.png>Wikimedia<\/a>)<a href=\"#ref2\">\u21a9<\/a><\/li><\/small>\n  <small><li id=\"note3\">Clich\u00e9 issu de la collection de Didier Sorb\u00e9 <a href=\"#ref3\">\u21a9<\/a><\/li><\/small>\n  <small><li id=\"note4\">Wallon photographi\u00e9 par Achille Louis, clich\u00e9 retouch\u00e9 <a href=\"#ref4\">\u21a9<\/a><\/li><\/small>\n  <small><li id=\"note5\">En l&#8217;absence de photographie de Lequeutre, ce clich\u00e9 a \u00e9t\u00e9 g\u00e9n\u00e9r\u00e9 par IA \u00e0 partir d&#8217;une photographie de la pointe Lequeutre (via <a href=https:\/\/commons.wikimedia.org\/wiki\/File:P1280801x_-_Punta_de_Lequeutre_i_Punta_de_Passet.JPG\">Wikimedia<\/a>)<li id=\"note6\">Clich\u00e9 emprunt\u00e9 \u00e0 <a href=\"https:\/\/www.pyrenees-passion.info\/pyreneisme\/les-pyreneistes\/aymar-darlot-de-saint-saud\/\">pyr\u00e9n\u00e9es-passion<\/a>. Source initiale inconnue<a href=\"#ref6\">\u21a9<\/a><\/li>\n<\/small>  \n<\/ol>\n<\/p>\n","protected":false},"excerpt":{"rendered":"<p>La Pl\u00e9iade du pyr\u00e9n\u00e9isme est un groupe de 6 grimpeurs Franz Schrader 1 (1844-1924) Henry Russell 2 (1834-1909) Maurice Gourdon 3 (1847-1941) Paul-\u00c9douard Wallon 4 (1821-1895) Alphonse Lequeutre 3 (1829-1891) Aymar de Saint-Saud 6 (1853-1951) On y adjoint parfois Belloc et Prudent &#8230; Photographi\u00e9 en 1883 par Eug\u00e8ne Pirou (via Wikimedia) \u21a9 Henry Russell photographi\u00e9 [&hellip;]<\/p>\n","protected":false},"author":1,"featured_media":0,"parent":0,"menu_order":0,"comment_status":"closed","ping_status":"closed","template":"","meta":{"footnotes":""},"class_list":["post-659","page","type-page","status-publish","hentry"],"_links":{"self":[{"href":"http:\/\/www.pyreneisme.ovh\/index.php\/wp-json\/wp\/v2\/pages\/659","targetHints":{"allow":["GET"]}}],"collection":[{"href":"http:\/\/www.pyreneisme.ovh\/index.php\/wp-json\/wp\/v2\/pages"}],"about":[{"href":"http:\/\/www.pyreneisme.ovh\/index.php\/wp-json\/wp\/v2\/types\/page"}],"author":[{"embeddable":true,"href":"http:\/\/www.pyreneisme.ovh\/index.php\/wp-json\/wp\/v2\/users\/1"}],"replies":[{"embeddable":true,"href":"http:\/\/www.pyreneisme.ovh\/index.php\/wp-json\/wp\/v2\/comments?post=659"}],"version-history":[{"count":20,"href":"http:\/\/www.pyreneisme.ovh\/index.php\/wp-json\/wp\/v2\/pages\/659\/revisions"}],"predecessor-version":[{"id":869,"href":"http:\/\/www.pyreneisme.ovh\/index.php\/wp-json\/wp\/v2\/pages\/659\/revisions\/869"}],"wp:attachment":[{"href":"http:\/\/www.pyreneisme.ovh\/index.php\/wp-json\/wp\/v2\/media?parent=659"}],"curies":[{"name":"wp","href":"https:\/\/api.w.org\/{rel}","templated":true}]}}