{"id":366,"date":"2026-01-19T13:48:40","date_gmt":"2026-01-19T13:48:40","guid":{"rendered":"http:\/\/www.pyreneisme.ovh\/?page_id=366"},"modified":"2026-03-15T18:01:06","modified_gmt":"2026-03-15T18:01:06","slug":"accueil","status":"publish","type":"page","link":"https:\/\/www.pyreneisme.ovh\/","title":{"rendered":"Accueil"},"content":{"rendered":"\n<div class=\"wp-block-group alignfull has-global-padding is-layout-constrained wp-block-group-is-layout-constrained\" style=\"margin-top:0;margin-bottom:0;padding-top:var(--wp--preset--spacing--50);padding-bottom:var(--wp--preset--spacing--50)\">\n<div class=\"wp-block-columns alignwide is-layout-flex wp-container-core-columns-is-layout-47c06fe3 wp-block-columns-is-layout-flex\">\n<div class=\"wp-block-column is-layout-flow wp-block-column-is-layout-flow\" style=\"flex-basis:56%\">\n<figure class=\"wp-block-image size-large\"><img loading=\"lazy\" decoding=\"async\" width=\"1024\" height=\"697\" src=\"http:\/\/www.pyreneisme.ovh\/wp-content\/uploads\/2026\/01\/Reproduction_dune_photo_de_Gourdon_Luchon-1-1024x697.jpg\" alt=\"\" class=\"wp-image-689\" srcset=\"https:\/\/www.pyreneisme.ovh\/wp-content\/uploads\/2026\/01\/Reproduction_dune_photo_de_Gourdon_Luchon-1-1024x697.jpg 1024w, https:\/\/www.pyreneisme.ovh\/wp-content\/uploads\/2026\/01\/Reproduction_dune_photo_de_Gourdon_Luchon-1-300x204.jpg 300w, https:\/\/www.pyreneisme.ovh\/wp-content\/uploads\/2026\/01\/Reproduction_dune_photo_de_Gourdon_Luchon-1-768x523.jpg 768w, https:\/\/www.pyreneisme.ovh\/wp-content\/uploads\/2026\/01\/Reproduction_dune_photo_de_Gourdon_Luchon-1-1536x1046.jpg 1536w, https:\/\/www.pyreneisme.ovh\/wp-content\/uploads\/2026\/01\/Reproduction_dune_photo_de_Gourdon_Luchon-1-2048x1394.jpg 2048w\" sizes=\"auto, (max-width: 1024px) 100vw, 1024px\" \/><figcaption class=\"wp-element-caption\"><a href=\"http:\/\/www.pyreneisme.ovh\/index.php\/climber\/maurice-gourdon\/\" data-type=\"climber\" data-id=\"297\">Maurice Gourdon<\/a>, photographi\u00e9 en 1896 par Eug\u00e8ne Trutat (<small><a href=\"https:\/\/commons.wikimedia.org\/wiki\/File:Reproduction_d%27une_photo_de_Gourdon,_Luchon.jpg\">domaine public, via Wikimedia<\/a><\/small>).<\/figcaption><\/figure>\n<\/div>\n\n\n\n<div class=\"wp-block-column is-vertically-aligned-center is-layout-flow wp-container-core-column-is-layout-119bc444 wp-block-column-is-layout-flow\">\n<h2 class=\"wp-block-heading\">Bienvenue<\/h2>\n\n\n\n<p>Ce site se veut une source d&#8217;informations \u00e0 terme aussi exhaustive que possible sur la conqu\u00eate des sommets des Pyr\u00e9n\u00e9es.<\/p>\n\n\n<div class=\"site-stats\">\n      Il recense actuellement\n      <strong>719<\/strong> ascensions, \n      <strong>337<\/strong> <a href=\"https:\/\/www.pyreneisme.ovh\/index.php\/sommets\/\">sommets<\/a> \n      et <strong>81<\/strong> <a href=\"https:\/\/www.pyreneisme.ovh\/index.php\/grimpeurs\/\">grimpeurs<\/a>.\n    <\/div>\n\n\n\n<p>Vous trouverez \u00e9galement des <strong><a href=\"http:\/\/www.pyreneisme.ovh\/index.php\/pages-thematiques\/\" data-type=\"page\" data-id=\"854\">pages th\u00e9matiques<\/a><\/strong> se focalisant sur des aspects particuliers de cette histoire.<\/p>\n<\/div>\n<\/div>\n<\/div>\n\n\n\n<div class=\"wp-block-group alignfull has-global-padding is-layout-constrained wp-block-group-is-layout-constrained\" style=\"margin-top:0;margin-bottom:0;padding-top:var(--wp--preset--spacing--50);padding-bottom:var(--wp--preset--spacing--50)\">\n<div class=\"wp-block-columns alignwide are-vertically-aligned-top is-layout-flex wp-container-core-columns-is-layout-47c06fe3 wp-block-columns-is-layout-flex\">\n<div class=\"wp-block-column is-vertically-aligned-top is-layout-flow wp-container-core-column-is-layout-119bc444 wp-block-column-is-layout-flow\">\n<h3 class=\"wp-block-heading has-text-align-center\"><strong><span style=\"text-decoration: underline;\"><a href=\"http:\/\/www.pyreneisme.ovh\/index.php\/grimpeurs\/\" data-type=\"page\" data-id=\"371\">Grimpeurs<\/a><\/span><\/strong><\/h3>\n\n\n\n<p class=\"has-text-align-center p-small\" style=\"line-height:2\">Index alphab\u00e9tique \u00b7 <a href=\"http:\/\/www.pyreneisme.ovh\/index.php\/la-pleiade-du-pyreneisme\/\" data-type=\"page\" data-id=\"659\">Grimpeurs de la Pl\u00e9iade<\/a> \u00b7 Ing\u00e9nieurs topographes \u00b7 <a href=\"http:\/\/www.pyreneisme.ovh\/index.php\/guides\/\" data-type=\"page\" data-id=\"751\">Guides et porteurs<\/a><\/p>\n\n\n\n<p class=\"has-text-align-center\" style=\"line-height:2\"><span style=\"text-decoration: underline;\"><strong>Pages th\u00e9matiques<\/strong><\/span><\/p>\n\n\n\n<p class=\"has-text-align-center p-small\" style=\"line-height:2\">Qu&#8217;est ce que le pyr\u00e9n\u00e9isme ? \u00b7 Sources et bibliographie \u00b7 M\u00e9thodologie \u00b7 Les pyr\u00e9n\u00e9istes hors des Pyr\u00e9n\u00e9es \u00b7 Les pyr\u00e9n\u00e9istes en Andorre \u00b7 <a href=\"http:\/\/www.pyreneisme.ovh\/index.php\/glossaire\/\" data-type=\"page\" data-id=\"1667\">Glossaire<\/a><\/p>\n<\/div>\n\n\n\n<div class=\"wp-block-column is-vertically-aligned-top is-layout-flow wp-block-column-is-layout-flow\" style=\"flex-basis:56%\">\n<h3 class=\"wp-block-heading has-text-align-center\"><strong><span style=\"text-decoration: underline;\"><a href=\"http:\/\/www.pyreneisme.ovh\/index.php\/sommets\/\" data-type=\"page\" data-id=\"369\">Sommets<\/a><\/span><\/strong><\/h3>\n\n\n\n<p class=\"has-text-align-center p-small\">Explorez les montagnes de la cha\u00eene pyr\u00e9n\u00e9enne, pourquoi pas <a href=\"http:\/\/www.pyreneisme.ovh\/index.php\/les-3000-des-pyrenees\/\" data-type=\"page\" data-id=\"1257\">en commen\u00e7ant par les 3000<\/a> ?<\/p>\n\n\n<div id=\"sommets_map_4725\" style=\"height: 520px; width:100%; border-radius:12px; overflow:hidden; background:#f3f3f3;\"><\/div><script>\n  (function(){\n    console.log('[sommets_map] init for sommets_map_4725');\n\n    function start(){\n      var el = document.getElementById(\"sommets_map_4725\");\n      if(!el){ console.warn('[sommets_map] container not found'); return; }\n\n      if(typeof L === 'undefined'){\n        console.warn('[sommets_map] Leaflet not loaded (L undefined)');\n        return;\n      }\n\n      var focusId   = 239;\n      var focusLat  = 42.6311;\n      var focusLon  = 0.6566;\n      var focusZoom = 9;\n      var openPopup = false;\n\n      console.log('[sommets_map] focus_id=', focusId, 'focusLatLon=', focusLat, focusLon);\n\n      \/\/ Vue initiale : si on a focusLat\/Lon, on centre tout de suite\n      var map = (focusLat !== null && focusLon !== null)\n        ? L.map(el, { scrollWheelZoom:false }).setView([focusLat, focusLon], focusZoom)\n        : L.map(el, { scrollWheelZoom:false }).setView([45.0, 2.0], 7);\n\n      L.tileLayer('https:\/\/{s}.tile.opentopomap.org\/{z}\/{x}\/{y}.png', {\n        maxZoom: 17,\n        attribution: '\u00a9 OpenStreetMap contributors | \u00a9 OpenTopoMap (CC-BY-SA)'\n      }).addTo(map);\n\n      var layer = (typeof L.markerClusterGroup === 'function') ? L.markerClusterGroup() : L.layerGroup();\n\n      fetch(\"https:\\\/\\\/www.pyreneisme.ovh\\\/?rest_route=\\\/sommets\\\/v1\\\/all\", { credentials:'same-origin' })\n        .then(function(r){ if(!r.ok) throw new Error('HTTP '+r.status); return r.json(); })\n        .then(function(points){\n          console.log('[sommets_map] points received:', (points||[]).length);\n\n          var bounds = [];\n          var focusMarker = null;\n\n          (points||[]).forEach(function(p){\n            if(!p || typeof p.lat !== 'number' || typeof p.lon !== 'number') return;\n\n            var m = L.marker([p.lat, p.lon]);\n            var title = (p.title||'').replace(\/<\/g,'&lt;').replace(\/>\/g,'&gt;');\n            var url = p.url || '#';\n            m.bindPopup('<strong>'+title+'<\/strong><br><a href=\"'+url+'\">Ouvrir la page<\/a>');\n\n            layer.addLayer(m);\n            bounds.push([p.lat,p.lon]);\n\n            \/\/ Si on a focus_id, on rep\u00e8re le marker correspondant (pour popup)\n            if(focusId && Number(p.id) === Number(focusId)){\n              focusMarker = m;\n            }\n          });\n\n          layer.addTo(map);\n\n          \/\/ Si focusLat\/Lon existe, on force un setView (au cas o\u00f9)\n          if(focusLat !== null && focusLon !== null){\n            map.setView([focusLat, focusLon], focusZoom, { animate:true });\n\n            \/\/ Ouvrir le popup du marker si on l'a trouv\u00e9 dans la liste\n            if(openPopup && focusMarker){\n              if(layer.zoomToShowLayer){\n                layer.zoomToShowLayer(focusMarker, function(){ focusMarker.openPopup(); });\n              } else {\n                focusMarker.openPopup();\n              }\n            }\n            return;\n          }\n\n          \/\/ Sinon fitBounds comme avant\n          if(false && bounds.length){\n            map.fitBounds(bounds, { padding:[20,20] });\n          }\n        })\n        .catch(function(err){\n          console.warn('[sommets_map] fetch error:', err);\n        });\n\n      map.on('click', function(){ map.scrollWheelZoom.enable(); });\n    }\n\n    if(document.readyState === 'loading'){\n      document.addEventListener('DOMContentLoaded', function(){ setTimeout(start, 50); });\n    } else {\n      setTimeout(start, 50);\n    }\n  })();\n  <\/script>\n<\/div>\n<\/div>\n<\/div>\n\n\n<p class=\"visit-counter\">\n    Cette page a \u00e9t\u00e9 visit\u00e9e <strong>3 853<\/strong> fois.\n    <\/p>\n\n\n\n<div style=\"height:45px\" aria-hidden=\"true\" class=\"wp-block-spacer\"><\/div>\n","protected":false},"excerpt":{"rendered":"<p>Bienvenue Ce site se veut une source d&#8217;informations \u00e0 terme aussi exhaustive que possible sur la conqu\u00eate des sommets des Pyr\u00e9n\u00e9es. Vous trouverez \u00e9galement des pages th\u00e9matiques se focalisant sur des aspects particuliers de cette histoire. Grimpeurs Index alphab\u00e9tique \u00b7 Grimpeurs de la Pl\u00e9iade \u00b7 Ing\u00e9nieurs topographes \u00b7 Guides et porteurs Pages th\u00e9matiques Qu&#8217;est ce [&hellip;]<\/p>\n","protected":false},"author":1,"featured_media":0,"parent":0,"menu_order":0,"comment_status":"closed","ping_status":"closed","template":"page-no-title","meta":{"footnotes":""},"class_list":["post-366","page","type-page","status-publish","hentry"],"_links":{"self":[{"href":"https:\/\/www.pyreneisme.ovh\/index.php\/wp-json\/wp\/v2\/pages\/366","targetHints":{"allow":["GET"]}}],"collection":[{"href":"https:\/\/www.pyreneisme.ovh\/index.php\/wp-json\/wp\/v2\/pages"}],"about":[{"href":"https:\/\/www.pyreneisme.ovh\/index.php\/wp-json\/wp\/v2\/types\/page"}],"author":[{"embeddable":true,"href":"https:\/\/www.pyreneisme.ovh\/index.php\/wp-json\/wp\/v2\/users\/1"}],"replies":[{"embeddable":true,"href":"https:\/\/www.pyreneisme.ovh\/index.php\/wp-json\/wp\/v2\/comments?post=366"}],"version-history":[{"count":39,"href":"https:\/\/www.pyreneisme.ovh\/index.php\/wp-json\/wp\/v2\/pages\/366\/revisions"}],"predecessor-version":[{"id":1670,"href":"https:\/\/www.pyreneisme.ovh\/index.php\/wp-json\/wp\/v2\/pages\/366\/revisions\/1670"}],"wp:attachment":[{"href":"https:\/\/www.pyreneisme.ovh\/index.php\/wp-json\/wp\/v2\/media?parent=366"}],"curies":[{"name":"wp","href":"https:\/\/api.w.org\/{rel}","templated":true}]}}