{"id":371,"date":"2026-01-19T14:04:48","date_gmt":"2026-01-19T14:04:48","guid":{"rendered":"http:\/\/www.pyreneisme.ovh\/?page_id=371"},"modified":"2026-01-29T07:44:29","modified_gmt":"2026-01-29T07:44:29","slug":"grimpeurs","status":"publish","type":"page","link":"https:\/\/www.pyreneisme.ovh\/index.php\/grimpeurs\/","title":{"rendered":"Grimpeurs"},"content":{"rendered":"\n<h2 class=\"wp-block-heading\">Pages th\u00e9matiques <\/h2>\n\n\n\n<p><strong>&#8220;<a href=\"http:\/\/www.pyreneisme.ovh\/index.php\/la-pleiade-du-pyreneisme\/\" data-type=\"page\" data-id=\"659\">La Pl\u00e9iade<\/a>&#8220;<\/strong> : les figures qui ont marqu\u00e9 l&#8217;exploration des Pyr\u00e9n\u00e9es \u00e0 la fin du XIX\u00e8me si\u00e8cle, \u00e0 la fois par leurs ascensions et par leur mani\u00e8re de penser et raconter la montagne.<\/p>\n\n\n\n<p><strong><a href=\"http:\/\/www.pyreneisme.ovh\/index.php\/guides\/\" data-type=\"page\" data-id=\"751\">Guides<\/a><\/strong> : de Cauterets, de Gavarnie, de Luchon et d&#8217;ailleurs. D\u00e9positaire du savoir local, leur r\u00f4le essentiel dans l&#8217;exploration de la chaine est souvent rest\u00e9 dans l&#8217;ombre.<\/p>\n\n\n\n<p><strong><a href=\"http:\/\/www.pyreneisme.ovh\/index.php\/geodesiens\/\" data-type=\"page\" data-id=\"842\">G\u00e9od\u00e9siens et topographes<\/a><\/strong> : pour tracer les fronti\u00e8res ou dresser des cartes, ces ing\u00e9nieurs ont discr\u00e8tement arpent\u00e9 bien des sommets des Pyr\u00e9n\u00e9es.<\/p>\n\n\n\n<h2 class=\"wp-block-heading\">Index alphab\u00e9tique<\/h2>\n\n\n\n<p>La liste alphab\u00e9tique des grimpeurs de l&#8217;\u00e9poque du pyr\u00e9n\u00e9isme :<\/p>\n\n\n<div class=\"climbers-index\" data-cols=\"3\"><div class=\"climbers-az\"><a href=\"#cl-A\">A<\/a> <a href=\"#cl-B\">B<\/a> <a href=\"#cl-C\">C<\/a> <a href=\"#cl-D\">D<\/a> <a href=\"#cl-E\">E<\/a> <a href=\"#cl-F\">F<\/a> <a href=\"#cl-G\">G<\/a> <a href=\"#cl-H\">H<\/a> <span class=\"disabled\">I<\/span> <a href=\"#cl-J\">J<\/a> <span class=\"disabled\">K<\/span> <a href=\"#cl-L\">L<\/a> <a href=\"#cl-M\">M<\/a> <a href=\"#cl-N\">N<\/a> <a href=\"#cl-O\">O<\/a> <a href=\"#cl-P\">P<\/a> <span class=\"disabled\">Q<\/span> <a href=\"#cl-R\">R<\/a> <a href=\"#cl-S\">S<\/a> <a href=\"#cl-T\">T<\/a> <a href=\"#cl-U\">U<\/a> <a href=\"#cl-V\">V<\/a> <a href=\"#cl-W\">W<\/a> <span class=\"disabled\">X<\/span> <span class=\"disabled\">Y<\/span> <span class=\"disabled\">Z<\/span> <\/div><h3 id=\"cl-A\" class=\"cl-letter\">A<\/h3><ul class=\"cl-list\"><li><a href=\"https:\/\/www.pyreneisme.ovh\/index.php\/climber\/rene-dastorg\/\">Ren\u00e9 d&#8217;Astorg<\/a> <span class=\"cl-ascent-count\">(2)<\/span><\/li><\/ul><h3 id=\"cl-B\" class=\"cl-letter\">B<\/h3><ul class=\"cl-list\"><li><a href=\"https:\/\/www.pyreneisme.ovh\/index.php\/climber\/pierre-barrau-1756-1824\/\">Pierre Barrau (1756-1824)<\/a> <span class=\"cl-ascent-count\">(1)<\/span><\/li><li><a href=\"https:\/\/www.pyreneisme.ovh\/index.php\/climber\/pierre-barrau\/\">Pierre Barrau (1818 &#8211; 1888)<\/a> <span class=\"cl-ascent-count\">(37)<\/span><\/li><li><a href=\"https:\/\/www.pyreneisme.ovh\/index.php\/climber\/firmin-barrau\/\">Firmin Barrau<\/a> <span class=\"cl-ascent-count\">(21)<\/span><\/li><li><a href=\"https:\/\/www.pyreneisme.ovh\/index.php\/climber\/jean-bazillac\/\">Jean Bazillac<\/a> <span class=\"cl-ascent-count\">(20)<\/span><\/li><li><a href=\"https:\/\/www.pyreneisme.ovh\/index.php\/climber\/moise-victor-angliviel-de-la-beaumelle\/\">Mo\u00efse-Victor de la Beaumelle<\/a> <span class=\"cl-ascent-count\">(1)<\/span><\/li><li><a href=\"https:\/\/www.pyreneisme.ovh\/index.php\/climber\/emile-belloc\/\">\u00c9mile Belloc<\/a> <span class=\"cl-ascent-count\">(2)<\/span><\/li><li><a href=\"https:\/\/www.pyreneisme.ovh\/index.php\/climber\/roger-de-bouille\/\">Roger de Bouill\u00e9<\/a> <span class=\"cl-ascent-count\">(2)<\/span><\/li><li><a href=\"https:\/\/www.pyreneisme.ovh\/index.php\/climber\/gen-brossier\/\">Gen. Brossier<\/a> <span class=\"cl-ascent-count\">(7)<\/span><\/li><li><a href=\"https:\/\/www.pyreneisme.ovh\/index.php\/climber\/henri-brulle\/\">Henri Brulle<\/a> <span class=\"cl-ascent-count\">(23)<\/span><\/li><\/ul><h3 id=\"cl-C\" class=\"cl-letter\">C<\/h3><ul class=\"cl-list\"><li><a href=\"https:\/\/www.pyreneisme.ovh\/index.php\/climber\/georges-cadier\/\">Georges Cadier<\/a> <span class=\"cl-ascent-count\">(26)<\/span><\/li><li><a href=\"https:\/\/www.pyreneisme.ovh\/index.php\/climber\/henri-cadier\/\">Henri Cadier<\/a> <span class=\"cl-ascent-count\">(21)<\/span><\/li><li><a href=\"https:\/\/www.pyreneisme.ovh\/index.php\/climber\/alfred-cadier\/\">Alfred Cadier<\/a> <span class=\"cl-ascent-count\">(1)<\/span><\/li><li><a href=\"https:\/\/www.pyreneisme.ovh\/index.php\/climber\/albert-cadier\/\">Albert Cadier<\/a> <span class=\"cl-ascent-count\">(16)<\/span><\/li><li><a href=\"https:\/\/www.pyreneisme.ovh\/index.php\/climber\/edouard-cadier\/\">\u00c9douard Cadier<\/a> <span class=\"cl-ascent-count\">(15)<\/span><\/li><li><a href=\"https:\/\/www.pyreneisme.ovh\/index.php\/climber\/charles-cadier\/\">Charles Cadier (1882-1965)<\/a> <span class=\"cl-ascent-count\">(16)<\/span><\/li><li><a href=\"https:\/\/www.pyreneisme.ovh\/index.php\/climber\/charles-cadier-1855-1881\/\">Charles Cadier (1855-1881)<\/a> <span class=\"cl-ascent-count\">(3)<\/span><\/li><li><a href=\"https:\/\/www.pyreneisme.ovh\/index.php\/climber\/henri-cazaux\/\">Henri Cazaux<\/a> <span class=\"cl-ascent-count\">(1)<\/span><\/li><li><a href=\"https:\/\/www.pyreneisme.ovh\/index.php\/climber\/jean-baptiste-coraboeuf\/\">Jean Baptiste Corab\u0153uf<\/a> <span class=\"cl-ascent-count\">(10)<\/span><\/li><li><a href=\"https:\/\/www.pyreneisme.ovh\/index.php\/climber\/barthelemy-courrege\/\">Barth\u00e9l\u00e9my Courr\u00e8ge<\/a> <span class=\"cl-ascent-count\">(18)<\/span><\/li><\/ul><h3 id=\"cl-D\" class=\"cl-letter\">D<\/h3><ul class=\"cl-list\"><li><a href=\"https:\/\/www.pyreneisme.ovh\/index.php\/climber\/armand-mathieu-dangosse\/\">Armand-Mathieu d&#8217;Angosse<\/a> <span class=\"cl-ascent-count\">(1)<\/span><\/li><li><a href=\"https:\/\/www.pyreneisme.ovh\/index.php\/climber\/jean-joseph-daugerot\/\">Jean-Joseph d&#8217;Augerot<\/a> <span class=\"cl-ascent-count\">(1)<\/span><\/li><li><a href=\"https:\/\/www.pyreneisme.ovh\/index.php\/climber\/louis-dorleans-duc-de-nemours\/\">Louis d&#8217;Orl\u00e9ans (duc de Nemours)<\/a> <span class=\"cl-ascent-count\">(9)<\/span><\/li><li><a href=\"https:\/\/www.pyreneisme.ovh\/index.php\/climber\/vincent-de-chausenque\/\">Vincent de Chausenque<\/a> <span class=\"cl-ascent-count\">(13)<\/span><\/li><li><a href=\"https:\/\/www.pyreneisme.ovh\/index.php\/climber\/albert-de-franqueville\/\">Albert de Franqueville<\/a> <span class=\"cl-ascent-count\">(1)<\/span><\/li><li><a href=\"https:\/\/www.pyreneisme.ovh\/index.php\/climber\/vicente-de-heredia-y-viguera\/\">Vicente de Heredia y Viguera<\/a> <span class=\"cl-ascent-count\">(8)<\/span><\/li><li><a href=\"https:\/\/www.pyreneisme.ovh\/index.php\/climber\/roger-de-monts\/\">Roger de Monts<\/a> <span class=\"cl-ascent-count\">(11)<\/span><\/li><li><a href=\"https:\/\/www.pyreneisme.ovh\/index.php\/climber\/aymar-de-saint-saud\/\">Aymar de Saint-Saud<\/a> <span class=\"cl-ascent-count\">(74)<\/span><\/li><li><a href=\"https:\/\/www.pyreneisme.ovh\/index.php\/climber\/guillaume-delfau\/\">Guillaume Delfau<\/a> <span class=\"cl-ascent-count\">(1)<\/span><\/li><li><a href=\"https:\/\/www.pyreneisme.ovh\/index.php\/climber\/charles-marie-etienne-champion-dubois-de-nansouty\/\">Charles-Marie-\u00c9tienne Champion Dubois de Nansouty<\/a> <span class=\"cl-ascent-count\">(2)<\/span><\/li><li><a href=\"https:\/\/www.pyreneisme.ovh\/index.php\/climber\/leon-dufour\/\">L\u00e9on Dufour<\/a> <span class=\"cl-ascent-count\">(2)<\/span><\/li><\/ul><h3 id=\"cl-E\" class=\"cl-letter\">E<\/h3><ul class=\"cl-list\"><li><a href=\"https:\/\/www.pyreneisme.ovh\/index.php\/climber\/eugene-trutat\/\">Eug\u00e8ne Trutat<\/a> <span class=\"cl-ascent-count\">(2)<\/span><\/li><\/ul><h3 id=\"cl-F\" class=\"cl-letter\">F<\/h3><ul class=\"cl-list\"><li><a href=\"https:\/\/www.pyreneisme.ovh\/index.php\/climber\/manel-font-y-torne\/\">Manel Font y Torn\u00e9<\/a> <span class=\"cl-ascent-count\">(5)<\/span><\/li><li><a href=\"https:\/\/www.pyreneisme.ovh\/index.php\/climber\/ludovic-fontan-de-negrin\/\">Ludovic Fontan de N\u00e9grin<\/a> <span class=\"cl-ascent-count\">(4)<\/span><\/li><li><a href=\"https:\/\/www.pyreneisme.ovh\/index.php\/climber\/emilien-frossard\/\">\u00c9milien Frossard<\/a> <span class=\"cl-ascent-count\">(8)<\/span><\/li><\/ul><h3 id=\"cl-G\" class=\"cl-letter\">G<\/h3><ul class=\"cl-list\"><li><a href=\"https:\/\/www.pyreneisme.ovh\/index.php\/climber\/bernard-gerdessus\/\">Bernard Gerdessus<\/a> <span class=\"cl-ascent-count\">(9)<\/span><\/li><li><a href=\"https:\/\/www.pyreneisme.ovh\/index.php\/climber\/maurice-gourdon\/\">Maurice Gourdon<\/a> <span class=\"cl-ascent-count\">(60)<\/span><\/li><\/ul><h3 id=\"cl-H\" class=\"cl-letter\">H<\/h3><ul class=\"cl-list\"><li><a href=\"https:\/\/www.pyreneisme.ovh\/index.php\/climber\/henry-halkett\/\">Henry Halkett<\/a> <span class=\"cl-ascent-count\">(1)<\/span><\/li><li><a href=\"https:\/\/www.pyreneisme.ovh\/index.php\/climber\/edouard-harle\/\">\u00c9douard Harl\u00e9<\/a> <span class=\"cl-ascent-count\">(10)<\/span><\/li><li><a href=\"https:\/\/www.pyreneisme.ovh\/index.php\/climber\/mathieu-haurine\/\">Mathieu Haurine<\/a> <span class=\"cl-ascent-count\">(8)<\/span><\/li><li><a href=\"https:\/\/www.pyreneisme.ovh\/index.php\/climber\/paul-michel-hossard\/\">Paul Michel Hossard<\/a> <span class=\"cl-ascent-count\">(26)<\/span><\/li><\/ul><h3 id=\"cl-J\" class=\"cl-letter\">J<\/h3><ul class=\"cl-list\"><li><a href=\"https:\/\/www.pyreneisme.ovh\/index.php\/climber\/emili-juncadella-i-vidal\/\">Emili Juncadella i Vidal<\/a> <span class=\"cl-ascent-count\">(7)<\/span><\/li><li><a href=\"https:\/\/www.pyreneisme.ovh\/index.php\/climber\/louis-philippe-reinhard-junker\/\">Louis-Philippe-Reinhard Junker<\/a> <span class=\"cl-ascent-count\">(46)<\/span><\/li><\/ul><h3 id=\"cl-L\" class=\"cl-letter\">L<\/h3><ul class=\"cl-list\"><li><a href=\"https:\/\/www.pyreneisme.ovh\/index.php\/climber\/paul-labrouche\/\">Paul Labrouche<\/a> <span class=\"cl-ascent-count\">(1)<\/span><\/li><li><a href=\"https:\/\/www.pyreneisme.ovh\/index.php\/climber\/antonin-lacotte-minard\/\">Antonin Lacotte-Minard<\/a> <span class=\"cl-ascent-count\">(11)<\/span><\/li><li><a href=\"https:\/\/www.pyreneisme.ovh\/index.php\/climber\/clement-latour\/\">Cl\u00e9ment Latour<\/a> <span class=\"cl-ascent-count\">(8)<\/span><\/li><li><a href=\"https:\/\/www.pyreneisme.ovh\/index.php\/climber\/louis-le-bondidier\/\">Louis Le Bondidier<\/a> <span class=\"cl-ascent-count\">(5)<\/span><\/li><li><a href=\"https:\/\/www.pyreneisme.ovh\/index.php\/climber\/alphonse-lequeutre\/\">Alphonse Lequeutre<\/a> <span class=\"cl-ascent-count\">(41)<\/span><\/li><li><a href=\"https:\/\/www.pyreneisme.ovh\/index.php\/climber\/toussaint-lezat\/\">Toussaint L\u00e9zat<\/a> <span class=\"cl-ascent-count\">(8)<\/span><\/li><li><a href=\"https:\/\/www.pyreneisme.ovh\/index.php\/climber\/anne-lister\/\">Anne Lister<\/a> <span class=\"cl-ascent-count\">(5)<\/span><\/li><li><a href=\"https:\/\/www.pyreneisme.ovh\/index.php\/climber\/jules-leonce-lourde-rocheblave\/\">Jules L\u00e9once Lourde-Rocheblave<\/a> <span class=\"cl-ascent-count\">(5)<\/span><\/li><\/ul><h3 id=\"cl-M\" class=\"cl-letter\">M<\/h3><ul class=\"cl-list\"><li><a href=\"https:\/\/www.pyreneisme.ovh\/index.php\/climber\/francisco-maspons-y-labros\/\">Francisco Maspons y Labr\u00f3s<\/a> <span class=\"cl-ascent-count\">(2)<\/span><\/li><\/ul><h3 id=\"cl-N\" class=\"cl-letter\">N<\/h3><ul class=\"cl-list\"><li><a href=\"https:\/\/www.pyreneisme.ovh\/index.php\/climber\/jose-narino\/\">Jos\u00e9 Nari\u00f1o<\/a> <span class=\"cl-ascent-count\">(2)<\/span><\/li><li><a href=\"https:\/\/www.pyreneisme.ovh\/index.php\/climber\/napoleon-joseph-ney-prince-de-la-moskowa\/\">Napol\u00e9on Joseph Ney (prince de la Moskowa)<\/a> <span class=\"cl-ascent-count\">(1)<\/span><\/li><\/ul><h3 id=\"cl-O\" class=\"cl-letter\">O<\/h3><ul class=\"cl-list\"><li><a href=\"https:\/\/www.pyreneisme.ovh\/index.php\/climber\/jacques-orteig\/\">Jacques Orteig<\/a> <span class=\"cl-ascent-count\">(5)<\/span><\/li><li><a href=\"https:\/\/www.pyreneisme.ovh\/index.php\/climber\/artur-osona-i-formenti\/\">Artur Osona i Forment\u00ed<\/a> <span class=\"cl-ascent-count\">(1)<\/span><\/li><\/ul><h3 id=\"cl-P\" class=\"cl-letter\">P<\/h3><ul class=\"cl-list\"><li><a href=\"https:\/\/www.pyreneisme.ovh\/index.php\/climber\/charles-packe\/\">Charles Packe<\/a> <span class=\"cl-ascent-count\">(18)<\/span><\/li><li><a href=\"https:\/\/www.pyreneisme.ovh\/index.php\/climber\/johann-jacob-friedrich-wilhelm-von-parrot\/\">Johann Jacob Friedrich Wilhelm von Parrot<\/a> <span class=\"cl-ascent-count\">(3)<\/span><\/li><li><a href=\"https:\/\/www.pyreneisme.ovh\/index.php\/climber\/laurent-passet\/\">Laurent Passet<\/a> <span class=\"cl-ascent-count\">(3)<\/span><\/li><li><a href=\"https:\/\/www.pyreneisme.ovh\/index.php\/climber\/hippolyte-passet\/\">Hippolyte Passet<\/a> <span class=\"cl-ascent-count\">(6)<\/span><\/li><li><a href=\"https:\/\/www.pyreneisme.ovh\/index.php\/climber\/celestin-passet\/\">C\u00e9lestin Passet<\/a> <span class=\"cl-ascent-count\">(38)<\/span><\/li><li><a href=\"https:\/\/www.pyreneisme.ovh\/index.php\/climber\/henri-passet\/\">Henri Passet<\/a> <span class=\"cl-ascent-count\">(71)<\/span><\/li><li><a href=\"https:\/\/www.pyreneisme.ovh\/index.php\/climber\/pierre-peytier\/\">Pierre Peytier<\/a> <span class=\"cl-ascent-count\">(28)<\/span><\/li><li><a href=\"https:\/\/www.pyreneisme.ovh\/index.php\/climber\/pierre-pujo\/\">Pierre Pujo<\/a> <span class=\"cl-ascent-count\">(21)<\/span><\/li><\/ul><h3 id=\"cl-R\" class=\"cl-letter\">R<\/h3><ul class=\"cl-list\"><li><a href=\"https:\/\/www.pyreneisme.ovh\/index.php\/climber\/louis-ramond-de-carbonnieres\/\">Louis Ramond de Carbonni\u00e8res<\/a> <span class=\"cl-ascent-count\">(1)<\/span><\/li><li><a href=\"https:\/\/www.pyreneisme.ovh\/index.php\/climber\/henri-reboul\/\">Henri Reboul<\/a> <span class=\"cl-ascent-count\">(8)<\/span><\/li><li><a href=\"https:\/\/www.pyreneisme.ovh\/index.php\/climber\/pierre-redonnet-dit-nate\/\">Pierre Redonnet (dit Nate)<\/a> <span class=\"cl-ascent-count\">(8)<\/span><\/li><li><a href=\"https:\/\/www.pyreneisme.ovh\/index.php\/climber\/henry-russell\/\">Henry Russell<\/a> <span class=\"cl-ascent-count\">(106)<\/span><\/li><\/ul><h3 id=\"cl-S\" class=\"cl-letter\">S<\/h3><ul class=\"cl-list\"><li><a href=\"https:\/\/www.pyreneisme.ovh\/index.php\/climber\/jean-sarrettes\/\">Jean Sarrettes<\/a> <span class=\"cl-ascent-count\">(2)<\/span><\/li><li><a href=\"https:\/\/www.pyreneisme.ovh\/index.php\/climber\/franz-schrader\/\">Franz Schrader<\/a> <span class=\"cl-ascent-count\">(31)<\/span><\/li><li><a href=\"https:\/\/www.pyreneisme.ovh\/index.php\/climber\/jacques-sors-hargarot\/\">Jacques Sors-Hargarot<\/a> <span class=\"cl-ascent-count\">(0)<\/span><\/li><li><a href=\"https:\/\/www.pyreneisme.ovh\/index.php\/climber\/henry-spont\/\">Henry Spont<\/a> <span class=\"cl-ascent-count\">(6)<\/span><\/li><li><a href=\"https:\/\/www.pyreneisme.ovh\/index.php\/climber\/marcel-spont\/\">Marcel Spont<\/a> <span class=\"cl-ascent-count\">(6)<\/span><\/li><\/ul><h3 id=\"cl-T\" class=\"cl-letter\">T<\/h3><ul class=\"cl-list\"><li><a href=\"https:\/\/www.pyreneisme.ovh\/index.php\/climber\/ernestine-tavernier\/\">Ernestine Tavernier<\/a> <span class=\"cl-ascent-count\">(2)<\/span><\/li><li><a href=\"https:\/\/www.pyreneisme.ovh\/index.php\/climber\/platon-de-tchihatcheff\/\">Platon Tchikhatchov<\/a> <span class=\"cl-ascent-count\">(1)<\/span><\/li><li><a href=\"https:\/\/www.pyreneisme.ovh\/index.php\/climber\/testu\/\">Ltn. Testu<\/a> <span class=\"cl-ascent-count\">(10)<\/span><\/li><li><a href=\"https:\/\/www.pyreneisme.ovh\/index.php\/climber\/alfred-tonnelle\/\">Alfred Tonnell\u00e9<\/a> <span class=\"cl-ascent-count\">(6)<\/span><\/li><li><a href=\"https:\/\/www.pyreneisme.ovh\/index.php\/climber\/cesar-august-torras-i-ferreri\/\">C\u00e8sar August Torras i Ferreri<\/a> <span class=\"cl-ascent-count\">(6)<\/span><\/li><\/ul><h3 id=\"cl-U\" class=\"cl-letter\">U<\/h3><ul class=\"cl-list\"><li><a href=\"https:\/\/www.pyreneisme.ovh\/index.php\/climber\/jean-dussel\/\">Jean d&#8217;Ussel<\/a> <span class=\"cl-ascent-count\">(19)<\/span><\/li><\/ul><h3 id=\"cl-V\" class=\"cl-letter\">V<\/h3><ul class=\"cl-list\"><li><a href=\"https:\/\/www.pyreneisme.ovh\/index.php\/climber\/jacint-verdaguer\/\">Jacint Verdaguer<\/a> <span class=\"cl-ascent-count\">(20)<\/span><\/li><\/ul><h3 id=\"cl-W\" class=\"cl-letter\">W<\/h3><ul class=\"cl-list\"><li><a href=\"https:\/\/www.pyreneisme.ovh\/index.php\/climber\/paul-edouard-wallon\/\">Paul-\u00c9douard Wallon<\/a> <span class=\"cl-ascent-count\">(24)<\/span><\/li><\/ul><\/div>\n","protected":false},"excerpt":{"rendered":"<p>Pages th\u00e9matiques &#8220;La Pl\u00e9iade&#8220; : les figures qui ont marqu\u00e9 l&#8217;exploration des Pyr\u00e9n\u00e9es \u00e0 la fin du XIX\u00e8me si\u00e8cle, \u00e0 la fois par leurs ascensions et par leur mani\u00e8re de penser et raconter la montagne. Guides : de Cauterets, de Gavarnie, de Luchon et d&#8217;ailleurs. D\u00e9positaire du savoir local, leur r\u00f4le essentiel dans l&#8217;exploration de [&hellip;]<\/p>\n","protected":false},"author":1,"featured_media":0,"parent":0,"menu_order":0,"comment_status":"closed","ping_status":"closed","template":"","meta":{"footnotes":""},"class_list":["post-371","page","type-page","status-publish","hentry"],"_links":{"self":[{"href":"https:\/\/www.pyreneisme.ovh\/index.php\/wp-json\/wp\/v2\/pages\/371","targetHints":{"allow":["GET"]}}],"collection":[{"href":"https:\/\/www.pyreneisme.ovh\/index.php\/wp-json\/wp\/v2\/pages"}],"about":[{"href":"https:\/\/www.pyreneisme.ovh\/index.php\/wp-json\/wp\/v2\/types\/page"}],"author":[{"embeddable":true,"href":"https:\/\/www.pyreneisme.ovh\/index.php\/wp-json\/wp\/v2\/users\/1"}],"replies":[{"embeddable":true,"href":"https:\/\/www.pyreneisme.ovh\/index.php\/wp-json\/wp\/v2\/comments?post=371"}],"version-history":[{"count":7,"href":"https:\/\/www.pyreneisme.ovh\/index.php\/wp-json\/wp\/v2\/pages\/371\/revisions"}],"predecessor-version":[{"id":845,"href":"https:\/\/www.pyreneisme.ovh\/index.php\/wp-json\/wp\/v2\/pages\/371\/revisions\/845"}],"wp:attachment":[{"href":"https:\/\/www.pyreneisme.ovh\/index.php\/wp-json\/wp\/v2\/media?parent=371"}],"curies":[{"name":"wp","href":"https:\/\/api.w.org\/{rel}","templated":true}]}}